{"id":18,"date":"2014-02-21T01:23:37","date_gmt":"2014-02-20T23:23:37","guid":{"rendered":"http:\/\/www.ondernakliyathizmetleri.com\/?page_id=18"},"modified":"2014-02-23T00:01:04","modified_gmt":"2014-02-22T22:01:04","slug":"hakkimizda","status":"publish","type":"page","link":"https:\/\/www.ondernakliyathizmetleri.com\/","title":{"rendered":"Hakk\u0131m\u0131zda"},"content":{"rendered":"<p><b>Tarih\u00e7emiz :<\/b><br \/>\nResmi olarak 2004 y\u0131l\u0131nda Bursa Kamyon Garaj\u0131nda Nakliye komisyonculu\u011fu ve taahh\u00fctl\u00fc i\u015fler yaparak ba\u015flad\u0131\u011f\u0131m\u0131z yolculu\u011fumuz Gemlik \u015eubemizle birlikte kendi ara\u00e7lar\u0131m\u0131zla Konteyn\u0131r ve kuru y\u00fck ta\u015f\u0131mac\u0131l\u0131\u011f\u0131 hizmeti ile devam etmektedir.<br \/>\n<b>Hizmetlerimiz :<\/b><br \/>\n* 20\u2019lik 30\u2019luk 40\u2019l\u0131k ve 45\u2019lik Box ve High cup konteyner ta\u015f\u0131mac\u0131l\u0131\u011f\u0131.<br \/>\n* Kuru y\u00fck ta\u015f\u0131mac\u0131l\u0131\u011f\u0131.<br \/>\n* Taahh\u00fct ve her t\u00fcrl\u00fc nakliyeler i\u00e7in uygun ara\u00e7 temini.<\/p>\n","protected":false},"excerpt":{"rendered":"<p>Tarih\u00e7emiz : Resmi olarak 2004 y\u0131l\u0131nda Bursa Kamyon Garaj\u0131nda Nakliye komisyonculu\u011fu ve taahh\u00fctl\u00fc i\u015fler yaparak ba\u015flad\u0131\u011f\u0131m\u0131z yolculu\u011fumuz Gemlik \u015eubemizle birlikte kendi ara\u00e7lar\u0131m\u0131zla Konteyn\u0131r ve kuru y\u00fck ta\u015f\u0131mac\u0131l\u0131\u011f\u0131 hizmeti ile devam etmektedir. Hizmetlerimiz : * 20\u2019lik 30\u2019luk 40\u2019l\u0131k ve 45\u2019lik Box ve High cup konteyner ta\u015f\u0131mac\u0131l\u0131\u011f\u0131. * Kuru y\u00fck ta\u015f\u0131mac\u0131l\u0131\u011f\u0131. * Taahh\u00fct ve her t\u00fcrl\u00fc nakliyeler i\u00e7in uygun ara\u00e7 temini.<\/p>\n","protected":false},"author":1,"featured_media":0,"parent":0,"menu_order":0,"comment_status":"closed","ping_status":"closed","template":"","meta":[],"_links":{"self":[{"href":"https:\/\/www.ondernakliyathizmetleri.com\/index.php?rest_route=\/wp\/v2\/pages\/18"}],"collection":[{"href":"https:\/\/www.ondernakliyathizmetleri.com\/index.php?rest_route=\/wp\/v2\/pages"}],"about":[{"href":"https:\/\/www.ondernakliyathizmetleri.com\/index.php?rest_route=\/wp\/v2\/types\/page"}],"author":[{"embeddable":true,"href":"https:\/\/www.ondernakliyathizmetleri.com\/index.php?rest_route=\/wp\/v2\/users\/1"}],"replies":[{"embeddable":true,"href":"https:\/\/www.ondernakliyathizmetleri.com\/index.php?rest_route=%2Fwp%2Fv2%2Fcomments&post=18"}],"version-history":[{"count":3,"href":"https:\/\/www.ondernakliyathizmetleri.com\/index.php?rest_route=\/wp\/v2\/pages\/18\/revisions"}],"predecessor-version":[{"id":36,"href":"https:\/\/www.ondernakliyathizmetleri.com\/index.php?rest_route=\/wp\/v2\/pages\/18\/revisions\/36"}],"wp:attachment":[{"href":"https:\/\/www.ondernakliyathizmetleri.com\/index.php?rest_route=%2Fwp%2Fv2%2Fmedia&parent=18"}],"curies":[{"name":"wp","href":"https:\/\/api.w.org\/{rel}","templated":true}]}}